{"id":1741,"date":"2026-04-06T14:11:19","date_gmt":"2026-04-06T07:11:19","guid":{"rendered":"https:\/\/thocamyhoa.vn\/?post_type=product&#038;p=1741"},"modified":"2026-04-06T14:12:16","modified_gmt":"2026-04-06T07:12:16","slug":"tui-xach-tho-cam","status":"publish","type":"product","link":"https:\/\/thocamyhoa.vn\/en\/product\/tui-xach-tho-cam\/","title":{"rendered":"T\u00fai x\u00e1ch th\u1ed5 c\u1ea9m"},"content":{"rendered":"<p class=\"p1\">\u00fai x\u00e1ch th\u1ed5 c\u1ea9m Y Ho\u00e0 kh\u00f4ng ch\u1ec9 l\u00e0 m\u1ed9t m\u00f3n ph\u1ee5 ki\u1ec7n, m\u00e0 c\u00f2n l\u00e0 s\u1ea3n ph\u1ea9m mang theo c\u00e2u chuy\u1ec7n v\u0103n ho\u00e1 c\u1ee7a th\u1ed5 c\u1ea9m H\u2019r\u00ea L\u00e0ng Teng, Ba T\u01a1, Qu\u1ea3ng Ng\u00e3i. M\u1ed7i chi\u1ebfc t\u00fai l\u00e0 k\u1ebft qu\u1ea3 c\u1ee7a s\u1ef1 t\u1ec9 m\u1ec9 trong t\u1eebng c\u00f4ng \u0111o\u1ea1n, t\u1eeb l\u1ef1a ch\u1ecdn ch\u1ea5t li\u1ec7u, ph\u1ed1i n\u1ec1n v\u1ea3i, d\u1ec7t hoa v\u0103n \u0111\u1ebfn ho\u00e0n thi\u1ec7n \u0111\u01b0\u1eddng may. Ch\u00ednh \u0111i\u1ec1u \u0111\u00f3 t\u1ea1o n\u00ean m\u1ed9t s\u1ea3n ph\u1ea9m v\u1eeba b\u1ec1n ch\u1eafc, v\u1eeba c\u00f3 gi\u00e1 tr\u1ecb th\u1ea9m m\u1ef9 ri\u00eang.<span class=\"Apple-converted-space\">\u00a0 <\/span><\/p>\n<p class=\"p1\">\u0110i\u1ec3m n\u1ed5i b\u1eadt c\u1ee7a t\u00fai n\u1eb1m \u1edf ph\u1ea7n hoa v\u0103n th\u1ed5 c\u1ea9m d\u1ec7t c\u00e0i \u0111\u1eb7c tr\u01b0ng, th\u1ec3 hi\u1ec7n n\u00e9t \u0111\u1eb9p m\u1ed9c m\u1ea1c nh\u01b0ng cu\u1ed1n h\u00fat c\u1ee7a v\u0103n ho\u00e1 H\u2019r\u00ea. Thi\u1ebft k\u1ebf t\u00fai ph\u00f9 h\u1ee3p v\u1edbi nhi\u1ec1u nhu c\u1ea7u s\u1eed d\u1ee5ng kh\u00e1c nhau nh\u01b0 t\u00fai c\u1ea7m tay, t\u00fai \u0111eo vai ho\u1eb7c d\u00f9ng h\u1eb1ng ng\u00e0y \u0111\u1ec3 \u0111\u1ef1ng s\u1ed5 tay, \u0111i\u1ec7n tho\u1ea1i, v\u00ed ti\u1ec1n, m\u1ef9 ph\u1ea9m v\u00e0 c\u00e1c v\u1eadt d\u1ee5ng c\u00e1 nh\u00e2n c\u1ea7n thi\u1ebft.<span class=\"Apple-converted-space\">\u00a0 <\/span><\/p>\n<p class=\"p1\">M\u1ed9t gi\u00e1 tr\u1ecb r\u1ea5t ri\u00eang c\u1ee7a d\u00f2ng t\u00fai n\u00e0y l\u00e0 kh\u1ea3 n\u0103ng c\u00e1 nh\u00e2n ho\u00e1 theo y\u00eau c\u1ea7u. Kh\u00e1ch h\u00e0ng c\u00f3 th\u1ec3 \u0111\u1eb7t d\u1ec7t c\u00e0i tr\u1ef1c ti\u1ebfp t\u00ean ri\u00eang tr\u00ean n\u1ec1n v\u1ea3i, gi\u00fap s\u1ea3n ph\u1ea9m tr\u1edf n\u00ean \u0111\u1ed9c \u0111\u00e1o h\u01a1n, ph\u00f9 h\u1ee3p \u0111\u1ec3 s\u1eed d\u1ee5ng c\u00e1 nh\u00e2n ho\u1eb7c l\u00e0m qu\u00e0 bi\u1ebfu, qu\u00e0 t\u1eb7ng, qu\u00e0 l\u01b0u ni\u1ec7m mang \u0111\u1eadm b\u1ea3n s\u1eafc Vi\u1ec7t.<span class=\"Apple-converted-space\">\u00a0 <\/span><\/p>\n<p class=\"p1\">T\u00fai x\u00e1ch th\u1ed5 c\u1ea9m Y Ho\u00e0 ph\u00f9 h\u1ee3p v\u1edbi nh\u1eefng ng\u01b0\u1eddi y\u00eau th\u00edch \u0111\u1ed3 th\u1ee7 c\u00f4ng, tr\u00e2n tr\u1ecdng gi\u00e1 tr\u1ecb truy\u1ec1n th\u1ed1ng v\u00e0 mu\u1ed1n ch\u1ecdn m\u1ed9t s\u1ea3n ph\u1ea9m v\u1eeba \u0111\u1eb9p, v\u1eeba c\u00f3 \u00fd ngh\u0129a v\u0103n ho\u00e1. \u0110\u00e2y c\u0169ng l\u00e0 l\u1ef1a ch\u1ecdn ph\u00f9 h\u1ee3p cho kh\u00e1ch h\u00e0ng \u0111ang t\u00ecm m\u1ed9t m\u1eabu t\u00fai kh\u00e1c bi\u1ec7t, d\u1ec5 ph\u1ed1i \u0111\u1ed3, c\u00f3 ch\u1ea5t ri\u00eang v\u00e0 mang \u0111\u1eadm d\u1ea5u \u1ea5n b\u1ea3n \u0111\u1ecba.<span class=\"Apple-converted-space\">\u00a0 <\/span><\/p>\n<p class=\"p3\"><b>\u01afu \u0111i\u1ec3m n\u1ed5i b\u1eadt<\/b><b><\/b><\/p>\n<ul>\n<li>\n<p class=\"p1\">Ch\u1ea5t li\u1ec7u th\u1ed5 c\u1ea9m mang n\u00e9t \u0111\u1eb9p truy\u1ec1n th\u1ed1ng L\u00e0ng Teng<\/p>\n<\/li>\n<li>\n<p class=\"p1\">Hoa v\u0103n d\u1ec7t c\u00e0i \u0111\u1eb7c tr\u01b0ng, n\u1ed5i b\u1eadt v\u00e0 kh\u00e1c bi\u1ec7t<\/p>\n<\/li>\n<li>\n<p class=\"p1\">\u0110\u01b0\u1eddng may c\u1ea9n th\u1eadn, form t\u00fai g\u1ecdn g\u00e0ng, d\u1ec5 s\u1eed d\u1ee5ng<\/p>\n<\/li>\n<li>\n<p class=\"p1\">Ph\u00f9 h\u1ee3p \u0111i l\u00e0m, \u0111i ch\u01a1i, du l\u1ecbch ho\u1eb7c d\u00f9ng h\u1eb1ng ng\u00e0y<\/p>\n<\/li>\n<li>\n<p class=\"p1\">C\u00f3 th\u1ec3 c\u00e1 nh\u00e2n ho\u00e1 b\u1eb1ng t\u00ean ri\u00eang theo y\u00eau c\u1ea7u<\/p>\n<\/li>\n<li>\n<p class=\"p1\">Th\u00edch h\u1ee3p l\u00e0m qu\u00e0 t\u1eb7ng, qu\u00e0 l\u01b0u ni\u1ec7m, qu\u00e0 bi\u1ebfu \u00fd ngh\u0129a<span class=\"Apple-converted-space\">\u00a0 <\/span><\/p>\n<\/li>\n<\/ul>\n<p class=\"p3\"><b>G\u1ee3i \u00fd ph\u1ea7n th\u00f4ng s\u1ed1 \u0111\u1ec3 \u0111\u0103ng s\u1ea3n ph\u1ea9m<\/b><b><\/b><\/p>\n<ul>\n<li>\n<p class=\"p1\">Danh m\u1ee5c: T\u00fai x\u00e1ch th\u1ed5 c\u1ea9m<\/p>\n<\/li>\n<li>\n<p class=\"p1\">Ch\u1ea5t li\u1ec7u: V\u1ea3i th\u1ed5 c\u1ea9m L\u00e0ng Teng k\u1ebft h\u1ee3p may ho\u00e0n thi\u1ec7n<\/p>\n<\/li>\n<li>\n<p class=\"p1\">Ki\u1ec3u d\u00e1ng: T\u00fai c\u1ea7m tay \/ t\u00fai \u0111eo vai<\/p>\n<\/li>\n<li>\n<p class=\"p1\">M\u00e0u s\u1eafc: Theo m\u1eabu th\u1ef1c t\u1ebf<\/p>\n<\/li>\n<li>\n<p class=\"p1\">C\u00e1 nh\u00e2n ho\u00e1: C\u00f3 h\u1ed7 tr\u1ee3 d\u1ec7t c\u00e0i t\u00ean theo y\u00eau c\u1ea7u<\/p>\n<\/li>\n<li>\n<p class=\"p1\">C\u00f4ng d\u1ee5ng: \u0110\u1ef1ng v\u1eadt d\u1ee5ng c\u00e1 nh\u00e2n, qu\u00e0 t\u1eb7ng, qu\u00e0 l\u01b0u ni\u1ec7m<\/p>\n<\/li>\n<\/ul>","protected":false},"excerpt":{"rendered":"<p class=\"p3\"><b>\u01afu \u0111i\u1ec3m n\u1ed5i b\u1eadt<\/b><b><\/b><\/p>\n<ul>\n<li>\n<p class=\"p1\">Ch\u1ea5t li\u1ec7u th\u1ed5 c\u1ea9m mang n\u00e9t \u0111\u1eb9p truy\u1ec1n th\u1ed1ng L\u00e0ng Teng<\/p>\n<\/li>\n<li>\n<p class=\"p1\">Hoa v\u0103n d\u1ec7t c\u00e0i \u0111\u1eb7c tr\u01b0ng, n\u1ed5i b\u1eadt v\u00e0 kh\u00e1c bi\u1ec7t<\/p>\n<\/li>\n<li>\n<p class=\"p1\">\u0110\u01b0\u1eddng may c\u1ea9n th\u1eadn, form t\u00fai g\u1ecdn g\u00e0ng, d\u1ec5 s\u1eed d\u1ee5ng<\/p>\n<\/li>\n<li>\n<p class=\"p1\">Ph\u00f9 h\u1ee3p \u0111i l\u00e0m, \u0111i ch\u01a1i, du l\u1ecbch ho\u1eb7c d\u00f9ng h\u1eb1ng ng\u00e0y<\/p>\n<\/li>\n<li>\n<p class=\"p1\">C\u00f3 th\u1ec3 c\u00e1 nh\u00e2n ho\u00e1 b\u1eb1ng t\u00ean ri\u00eang theo y\u00eau c\u1ea7u<\/p>\n<\/li>\n<li>\n<p class=\"p1\">Th\u00edch h\u1ee3p l\u00e0m qu\u00e0 t\u1eb7ng, qu\u00e0 l\u01b0u ni\u1ec7m, qu\u00e0 bi\u1ebfu \u00fd ngh\u0129a<span class=\"Apple-converted-space\">\u00a0 <\/span><\/p>\n<\/li>\n<\/ul>","protected":false},"featured_media":1743,"comment_status":"open","ping_status":"closed","template":"","meta":{"_gspb_post_css":""},"product_brand":[],"product_cat":[131],"product_tag":[],"class_list":{"0":"post-1741","1":"product","2":"type-product","3":"status-publish","4":"has-post-thumbnail","6":"product_cat-tui-xach-tho-cam","8":"first","9":"instock","10":"shipping-taxable","11":"product-type-simple"},"yoast_head":"<!-- This site is optimized with the Yoast SEO plugin v27.3 - https:\/\/yoast.com\/product\/yoast-seo-wordpress\/ -->\n<title>T\u00fai x\u00e1ch th\u1ed5 c\u1ea9m - Th\u1ed5 c\u1ea9m Y Ho\u00e0<\/title>\n<meta name=\"description\" content=\"T\u00fai x\u00e1ch th\u1ed5 c\u1ea9m Y Ho\u00e0 v\u1edbi hoa v\u0103n d\u1ec7t c\u00e0i \u0111\u1eb7c tr\u01b0ng c\u1ee7a th\u1ed5 c\u1ea9m L\u00e0ng Teng, \u0111\u01b0\u1eddng may tinh t\u1ebf, c\u00f3 th\u1ec3 c\u00e1 nh\u00e2n ho\u00e1 theo y\u00eau c\u1ea7u, ph\u00f9 h\u1ee3p d\u00f9ng h\u1eb1ng ng\u00e0y ho\u1eb7c l\u00e0m qu\u00e0 t\u1eb7ng \u00fd ngh\u0129a.\" \/>\n<meta name=\"robots\" content=\"index, follow, max-snippet:-1, max-image-preview:large, max-video-preview:-1\" \/>\n<link rel=\"canonical\" href=\"https:\/\/thocamyhoa.vn\/en\/product\/tui-xach-tho-cam\/\" \/>\n<meta property=\"og:locale\" content=\"en_GB\" \/>\n<meta property=\"og:type\" content=\"article\" \/>\n<meta property=\"og:title\" content=\"T\u00fai x\u00e1ch th\u1ed5 c\u1ea9m - Th\u1ed5 c\u1ea9m Y Ho\u00e0\" \/>\n<meta property=\"og:description\" content=\"T\u00fai x\u00e1ch th\u1ed5 c\u1ea9m Y Ho\u00e0 v\u1edbi hoa v\u0103n d\u1ec7t c\u00e0i \u0111\u1eb7c tr\u01b0ng c\u1ee7a th\u1ed5 c\u1ea9m L\u00e0ng Teng, \u0111\u01b0\u1eddng may tinh t\u1ebf, c\u00f3 th\u1ec3 c\u00e1 nh\u00e2n ho\u00e1 theo y\u00eau c\u1ea7u, ph\u00f9 h\u1ee3p d\u00f9ng h\u1eb1ng ng\u00e0y ho\u1eb7c l\u00e0m qu\u00e0 t\u1eb7ng \u00fd ngh\u0129a.\" \/>\n<meta property=\"og:url\" content=\"https:\/\/thocamyhoa.vn\/en\/product\/tui-xach-tho-cam\/\" \/>\n<meta property=\"og:site_name\" content=\"Th\u1ed5 c\u1ea9m Y Ho\u00e0\" \/>\n<meta property=\"article:modified_time\" content=\"2026-04-06T07:12:16+00:00\" \/>\n<meta property=\"og:image\" content=\"https:\/\/thocamyhoa.vn\/wp-content\/uploads\/2026\/04\/z7696577632988_40117021ea131ae4d4bcb0cc469ea9eb.jpg\" \/>\n\t<meta property=\"og:image:width\" content=\"1000\" \/>\n\t<meta property=\"og:image:height\" content=\"1333\" \/>\n\t<meta property=\"og:image:type\" content=\"image\/jpeg\" \/>\n<meta name=\"twitter:card\" content=\"summary_large_image\" \/>\n<meta name=\"twitter:label1\" content=\"Estimated reading time\" \/>\n\t<meta name=\"twitter:data1\" content=\"3 minutes\" \/>\n<script type=\"application\/ld+json\" class=\"yoast-schema-graph\">{\"@context\":\"https:\\\/\\\/schema.org\",\"@graph\":[{\"@type\":\"WebPage\",\"@id\":\"https:\\\/\\\/thocamyhoa.vn\\\/san-pham\\\/tui-xach-tho-cam\\\/\",\"url\":\"https:\\\/\\\/thocamyhoa.vn\\\/san-pham\\\/tui-xach-tho-cam\\\/\",\"name\":\"T\u00fai x\u00e1ch th\u1ed5 c\u1ea9m - Th\u1ed5 c\u1ea9m Y Ho\u00e0\",\"isPartOf\":{\"@id\":\"https:\\\/\\\/thocamyhoa.vn\\\/#website\"},\"primaryImageOfPage\":{\"@id\":\"https:\\\/\\\/thocamyhoa.vn\\\/san-pham\\\/tui-xach-tho-cam\\\/#primaryimage\"},\"image\":{\"@id\":\"https:\\\/\\\/thocamyhoa.vn\\\/san-pham\\\/tui-xach-tho-cam\\\/#primaryimage\"},\"thumbnailUrl\":\"https:\\\/\\\/thocamyhoa.vn\\\/wp-content\\\/uploads\\\/2026\\\/04\\\/z7696577632988_40117021ea131ae4d4bcb0cc469ea9eb.jpg\",\"datePublished\":\"2026-04-06T07:11:19+00:00\",\"dateModified\":\"2026-04-06T07:12:16+00:00\",\"description\":\"T\u00fai x\u00e1ch th\u1ed5 c\u1ea9m Y Ho\u00e0 v\u1edbi hoa v\u0103n d\u1ec7t c\u00e0i \u0111\u1eb7c tr\u01b0ng c\u1ee7a th\u1ed5 c\u1ea9m L\u00e0ng Teng, \u0111\u01b0\u1eddng may tinh t\u1ebf, c\u00f3 th\u1ec3 c\u00e1 nh\u00e2n ho\u00e1 theo y\u00eau c\u1ea7u, ph\u00f9 h\u1ee3p d\u00f9ng h\u1eb1ng ng\u00e0y ho\u1eb7c l\u00e0m qu\u00e0 t\u1eb7ng \u00fd ngh\u0129a.\",\"breadcrumb\":{\"@id\":\"https:\\\/\\\/thocamyhoa.vn\\\/san-pham\\\/tui-xach-tho-cam\\\/#breadcrumb\"},\"inLanguage\":\"en-GB\",\"potentialAction\":[{\"@type\":\"ReadAction\",\"target\":[\"https:\\\/\\\/thocamyhoa.vn\\\/san-pham\\\/tui-xach-tho-cam\\\/\"]}]},{\"@type\":\"ImageObject\",\"inLanguage\":\"en-GB\",\"@id\":\"https:\\\/\\\/thocamyhoa.vn\\\/san-pham\\\/tui-xach-tho-cam\\\/#primaryimage\",\"url\":\"https:\\\/\\\/thocamyhoa.vn\\\/wp-content\\\/uploads\\\/2026\\\/04\\\/z7696577632988_40117021ea131ae4d4bcb0cc469ea9eb.jpg\",\"contentUrl\":\"https:\\\/\\\/thocamyhoa.vn\\\/wp-content\\\/uploads\\\/2026\\\/04\\\/z7696577632988_40117021ea131ae4d4bcb0cc469ea9eb.jpg\",\"width\":1000,\"height\":1333},{\"@type\":\"BreadcrumbList\",\"@id\":\"https:\\\/\\\/thocamyhoa.vn\\\/san-pham\\\/tui-xach-tho-cam\\\/#breadcrumb\",\"itemListElement\":[{\"@type\":\"ListItem\",\"position\":1,\"name\":\"Home\",\"item\":\"https:\\\/\\\/thocamyhoa.vn\\\/\"},{\"@type\":\"ListItem\",\"position\":2,\"name\":\"S\u1ea3n ph\u1ea9m\",\"item\":\"https:\\\/\\\/thocamyhoa.vn\\\/san-pham\\\/\"},{\"@type\":\"ListItem\",\"position\":3,\"name\":\"T\u00fai x\u00e1ch th\u1ed5 c\u1ea9m\"}]},{\"@type\":\"WebSite\",\"@id\":\"https:\\\/\\\/thocamyhoa.vn\\\/#website\",\"url\":\"https:\\\/\\\/thocamyhoa.vn\\\/\",\"name\":\"Th\u1ed5 c\u1ea9m Y Ho\u00e0\",\"description\":\"N\u00e2ng t\u1ea7m th\u01b0\u01a1ng hi\u1ec7u th\u1ed5 c\u1ea9m L\u00e0ng Teng\",\"publisher\":{\"@id\":\"https:\\\/\\\/thocamyhoa.vn\\\/#organization\"},\"potentialAction\":[{\"@type\":\"SearchAction\",\"target\":{\"@type\":\"EntryPoint\",\"urlTemplate\":\"https:\\\/\\\/thocamyhoa.vn\\\/?s={search_term_string}\"},\"query-input\":{\"@type\":\"PropertyValueSpecification\",\"valueRequired\":true,\"valueName\":\"search_term_string\"}}],\"inLanguage\":\"en-GB\"},{\"@type\":\"Organization\",\"@id\":\"https:\\\/\\\/thocamyhoa.vn\\\/#organization\",\"name\":\"Th\u1ed5 c\u1ea9m Y Ho\u00e0\",\"url\":\"https:\\\/\\\/thocamyhoa.vn\\\/\",\"logo\":{\"@type\":\"ImageObject\",\"inLanguage\":\"en-GB\",\"@id\":\"https:\\\/\\\/thocamyhoa.vn\\\/#\\\/schema\\\/logo\\\/image\\\/\",\"url\":\"https:\\\/\\\/thocamyhoa.vn\\\/wp-content\\\/uploads\\\/2024\\\/12\\\/logoyhoa.png\",\"contentUrl\":\"https:\\\/\\\/thocamyhoa.vn\\\/wp-content\\\/uploads\\\/2024\\\/12\\\/logoyhoa.png\",\"width\":602,\"height\":870,\"caption\":\"Th\u1ed5 c\u1ea9m Y Ho\u00e0\"},\"image\":{\"@id\":\"https:\\\/\\\/thocamyhoa.vn\\\/#\\\/schema\\\/logo\\\/image\\\/\"}}]}<\/script>\n<!-- \/ Yoast SEO plugin. -->","yoast_head_json":{"title":"T\u00fai x\u00e1ch th\u1ed5 c\u1ea9m - Th\u1ed5 c\u1ea9m Y Ho\u00e0","description":"T\u00fai x\u00e1ch th\u1ed5 c\u1ea9m Y Ho\u00e0 v\u1edbi hoa v\u0103n d\u1ec7t c\u00e0i \u0111\u1eb7c tr\u01b0ng c\u1ee7a th\u1ed5 c\u1ea9m L\u00e0ng Teng, \u0111\u01b0\u1eddng may tinh t\u1ebf, c\u00f3 th\u1ec3 c\u00e1 nh\u00e2n ho\u00e1 theo y\u00eau c\u1ea7u, ph\u00f9 h\u1ee3p d\u00f9ng h\u1eb1ng ng\u00e0y ho\u1eb7c l\u00e0m qu\u00e0 t\u1eb7ng \u00fd ngh\u0129a.","robots":{"index":"index","follow":"follow","max-snippet":"max-snippet:-1","max-image-preview":"max-image-preview:large","max-video-preview":"max-video-preview:-1"},"canonical":"https:\/\/thocamyhoa.vn\/en\/product\/tui-xach-tho-cam\/","og_locale":"en_GB","og_type":"article","og_title":"T\u00fai x\u00e1ch th\u1ed5 c\u1ea9m - Th\u1ed5 c\u1ea9m Y Ho\u00e0","og_description":"T\u00fai x\u00e1ch th\u1ed5 c\u1ea9m Y Ho\u00e0 v\u1edbi hoa v\u0103n d\u1ec7t c\u00e0i \u0111\u1eb7c tr\u01b0ng c\u1ee7a th\u1ed5 c\u1ea9m L\u00e0ng Teng, \u0111\u01b0\u1eddng may tinh t\u1ebf, c\u00f3 th\u1ec3 c\u00e1 nh\u00e2n ho\u00e1 theo y\u00eau c\u1ea7u, ph\u00f9 h\u1ee3p d\u00f9ng h\u1eb1ng ng\u00e0y ho\u1eb7c l\u00e0m qu\u00e0 t\u1eb7ng \u00fd ngh\u0129a.","og_url":"https:\/\/thocamyhoa.vn\/en\/product\/tui-xach-tho-cam\/","og_site_name":"Th\u1ed5 c\u1ea9m Y Ho\u00e0","article_modified_time":"2026-04-06T07:12:16+00:00","og_image":[{"width":1000,"height":1333,"url":"https:\/\/thocamyhoa.vn\/wp-content\/uploads\/2026\/04\/z7696577632988_40117021ea131ae4d4bcb0cc469ea9eb.jpg","type":"image\/jpeg"}],"twitter_card":"summary_large_image","twitter_misc":{"Estimated reading time":"3 minutes"},"schema":{"@context":"https:\/\/schema.org","@graph":[{"@type":"WebPage","@id":"https:\/\/thocamyhoa.vn\/san-pham\/tui-xach-tho-cam\/","url":"https:\/\/thocamyhoa.vn\/san-pham\/tui-xach-tho-cam\/","name":"T\u00fai x\u00e1ch th\u1ed5 c\u1ea9m - Th\u1ed5 c\u1ea9m Y Ho\u00e0","isPartOf":{"@id":"https:\/\/thocamyhoa.vn\/#website"},"primaryImageOfPage":{"@id":"https:\/\/thocamyhoa.vn\/san-pham\/tui-xach-tho-cam\/#primaryimage"},"image":{"@id":"https:\/\/thocamyhoa.vn\/san-pham\/tui-xach-tho-cam\/#primaryimage"},"thumbnailUrl":"https:\/\/thocamyhoa.vn\/wp-content\/uploads\/2026\/04\/z7696577632988_40117021ea131ae4d4bcb0cc469ea9eb.jpg","datePublished":"2026-04-06T07:11:19+00:00","dateModified":"2026-04-06T07:12:16+00:00","description":"T\u00fai x\u00e1ch th\u1ed5 c\u1ea9m Y Ho\u00e0 v\u1edbi hoa v\u0103n d\u1ec7t c\u00e0i \u0111\u1eb7c tr\u01b0ng c\u1ee7a th\u1ed5 c\u1ea9m L\u00e0ng Teng, \u0111\u01b0\u1eddng may tinh t\u1ebf, c\u00f3 th\u1ec3 c\u00e1 nh\u00e2n ho\u00e1 theo y\u00eau c\u1ea7u, ph\u00f9 h\u1ee3p d\u00f9ng h\u1eb1ng ng\u00e0y ho\u1eb7c l\u00e0m qu\u00e0 t\u1eb7ng \u00fd ngh\u0129a.","breadcrumb":{"@id":"https:\/\/thocamyhoa.vn\/san-pham\/tui-xach-tho-cam\/#breadcrumb"},"inLanguage":"en-GB","potentialAction":[{"@type":"ReadAction","target":["https:\/\/thocamyhoa.vn\/san-pham\/tui-xach-tho-cam\/"]}]},{"@type":"ImageObject","inLanguage":"en-GB","@id":"https:\/\/thocamyhoa.vn\/san-pham\/tui-xach-tho-cam\/#primaryimage","url":"https:\/\/thocamyhoa.vn\/wp-content\/uploads\/2026\/04\/z7696577632988_40117021ea131ae4d4bcb0cc469ea9eb.jpg","contentUrl":"https:\/\/thocamyhoa.vn\/wp-content\/uploads\/2026\/04\/z7696577632988_40117021ea131ae4d4bcb0cc469ea9eb.jpg","width":1000,"height":1333},{"@type":"BreadcrumbList","@id":"https:\/\/thocamyhoa.vn\/san-pham\/tui-xach-tho-cam\/#breadcrumb","itemListElement":[{"@type":"ListItem","position":1,"name":"Home","item":"https:\/\/thocamyhoa.vn\/"},{"@type":"ListItem","position":2,"name":"S\u1ea3n ph\u1ea9m","item":"https:\/\/thocamyhoa.vn\/san-pham\/"},{"@type":"ListItem","position":3,"name":"T\u00fai x\u00e1ch th\u1ed5 c\u1ea9m"}]},{"@type":"WebSite","@id":"https:\/\/thocamyhoa.vn\/#website","url":"https:\/\/thocamyhoa.vn\/","name":"Y Hoa Brocade","description":"N\u00e2ng t\u1ea7m th\u01b0\u01a1ng hi\u1ec7u th\u1ed5 c\u1ea9m L\u00e0ng Teng","publisher":{"@id":"https:\/\/thocamyhoa.vn\/#organization"},"potentialAction":[{"@type":"SearchAction","target":{"@type":"EntryPoint","urlTemplate":"https:\/\/thocamyhoa.vn\/?s={search_term_string}"},"query-input":{"@type":"PropertyValueSpecification","valueRequired":true,"valueName":"search_term_string"}}],"inLanguage":"en-GB"},{"@type":"Organization","@id":"https:\/\/thocamyhoa.vn\/#organization","name":"Y Hoa Brocade","url":"https:\/\/thocamyhoa.vn\/","logo":{"@type":"ImageObject","inLanguage":"en-GB","@id":"https:\/\/thocamyhoa.vn\/#\/schema\/logo\/image\/","url":"https:\/\/thocamyhoa.vn\/wp-content\/uploads\/2024\/12\/logoyhoa.png","contentUrl":"https:\/\/thocamyhoa.vn\/wp-content\/uploads\/2024\/12\/logoyhoa.png","width":602,"height":870,"caption":"Th\u1ed5 c\u1ea9m Y Ho\u00e0"},"image":{"@id":"https:\/\/thocamyhoa.vn\/#\/schema\/logo\/image\/"}}]}},"_links":{"self":[{"href":"https:\/\/thocamyhoa.vn\/en\/wp-json\/wp\/v2\/product\/1741","targetHints":{"allow":["GET"]}}],"collection":[{"href":"https:\/\/thocamyhoa.vn\/en\/wp-json\/wp\/v2\/product"}],"about":[{"href":"https:\/\/thocamyhoa.vn\/en\/wp-json\/wp\/v2\/types\/product"}],"replies":[{"embeddable":true,"href":"https:\/\/thocamyhoa.vn\/en\/wp-json\/wp\/v2\/comments?post=1741"}],"wp:featuredmedia":[{"embeddable":true,"href":"https:\/\/thocamyhoa.vn\/en\/wp-json\/wp\/v2\/media\/1743"}],"wp:attachment":[{"href":"https:\/\/thocamyhoa.vn\/en\/wp-json\/wp\/v2\/media?parent=1741"}],"wp:term":[{"taxonomy":"product_brand","embeddable":true,"href":"https:\/\/thocamyhoa.vn\/en\/wp-json\/wp\/v2\/product_brand?post=1741"},{"taxonomy":"product_cat","embeddable":true,"href":"https:\/\/thocamyhoa.vn\/en\/wp-json\/wp\/v2\/product_cat?post=1741"},{"taxonomy":"product_tag","embeddable":true,"href":"https:\/\/thocamyhoa.vn\/en\/wp-json\/wp\/v2\/product_tag?post=1741"}],"curies":[{"name":"wp","href":"https:\/\/api.w.org\/{rel}","templated":true}]}}